{"id":835,"date":"2022-10-04T00:02:35","date_gmt":"2022-10-04T00:02:35","guid":{"rendered":"https:\/\/cartergroup.com.ar\/?page_id=835"},"modified":"2023-09-18T13:10:57","modified_gmt":"2023-09-18T13:10:57","slug":"servicios","status":"publish","type":"page","link":"https:\/\/cartergroup.com.ar\/en\/servicios\/","title":{"rendered":"Services"},"content":{"rendered":"<div data-elementor-type=\"wp-page\" data-elementor-id=\"835\" class=\"elementor elementor-835\">\n\t\t\t\t\t\t<section class=\"elementor-section elementor-top-section elementor-element elementor-element-4ad730d elementor-section-full_width elementor-section-height-min-height elementor-section-height-default elementor-section-items-middle\" data-id=\"4ad730d\" data-element_type=\"section\" data-settings=\"{&quot;background_background&quot;:&quot;classic&quot;}\">\n\t\t\t\t\t\t\t<div class=\"elementor-background-overlay\"><\/div>\n\t\t\t\t\t\t\t<div class=\"elementor-container elementor-column-gap-default\">\n\t\t\t\t\t<div class=\"elementor-column elementor-col-100 elementor-top-column elementor-element elementor-element-913ad19\" data-id=\"913ad19\" data-element_type=\"column\">\n\t\t\t<div class=\"elementor-widget-wrap elementor-element-populated\">\n\t\t\t\t\t\t<div class=\"elementor-element elementor-element-0b90de7 elementor-widget elementor-widget-heading\" data-id=\"0b90de7\" data-element_type=\"widget\" data-widget_type=\"heading.default\">\n\t\t\t\t<div class=\"elementor-widget-container\">\n\t\t\t<h1 class=\"elementor-heading-title elementor-size-default\">Services<\/h1>\t\t<\/div>\n\t\t\t\t<\/div>\n\t\t\t\t\t<\/div>\n\t\t<\/div>\n\t\t\t\t\t<\/div>\n\t\t<\/section>\n\t\t\t\t<section class=\"elementor-section elementor-top-section elementor-element elementor-element-0ea7787 elementor-section-full_width elementor-section-height-default elementor-section-height-default\" data-id=\"0ea7787\" data-element_type=\"section\" data-settings=\"{&quot;background_background&quot;:&quot;classic&quot;}\">\n\t\t\t\t\t\t<div class=\"elementor-container elementor-column-gap-no\">\n\t\t\t\t\t<div class=\"elementor-column elementor-col-100 elementor-top-column elementor-element elementor-element-828cf0e\" data-id=\"828cf0e\" data-element_type=\"column\">\n\t\t\t<div class=\"elementor-widget-wrap elementor-element-populated\">\n\t\t\t\t\t\t<div class=\"elementor-element elementor-element-935f4b2 elementor-widget elementor-widget-image\" data-id=\"935f4b2\" data-element_type=\"widget\" data-widget_type=\"image.default\">\n\t\t\t\t<div class=\"elementor-widget-container\">\n\t\t\t\t\t\t\t\t\t\t\t\t\t<img fetchpriority=\"high\" decoding=\"async\" width=\"1024\" height=\"289\" src=\"https:\/\/cartergroup.com.ar\/wp-content\/uploads\/2023\/09\/Logistica12-1024x289.png\" class=\"attachment-large size-large wp-image-1133\" alt=\"\" srcset=\"https:\/\/cartergroup.com.ar\/wp-content\/uploads\/2023\/09\/Logistica12-1024x289.png 1024w, https:\/\/cartergroup.com.ar\/wp-content\/uploads\/2023\/09\/Logistica12-300x85.png 300w, https:\/\/cartergroup.com.ar\/wp-content\/uploads\/2023\/09\/Logistica12-768x217.png 768w, https:\/\/cartergroup.com.ar\/wp-content\/uploads\/2023\/09\/Logistica12-1536x434.png 1536w, https:\/\/cartergroup.com.ar\/wp-content\/uploads\/2023\/09\/Logistica12.png 1736w\" sizes=\"(max-width: 1024px) 100vw, 1024px\" \/>\t\t\t\t\t\t\t\t\t\t\t\t\t<\/div>\n\t\t\t\t<\/div>\n\t\t\t\t<section class=\"elementor-section elementor-inner-section elementor-element elementor-element-8633e1c elementor-section-boxed elementor-section-height-default elementor-section-height-default\" data-id=\"8633e1c\" data-element_type=\"section\">\n\t\t\t\t\t\t<div class=\"elementor-container elementor-column-gap-default\">\n\t\t\t\t\t<div class=\"elementor-column elementor-col-100 elementor-inner-column elementor-element elementor-element-7f54301\" data-id=\"7f54301\" data-element_type=\"column\">\n\t\t\t<div class=\"elementor-widget-wrap elementor-element-populated\">\n\t\t\t\t\t\t<div class=\"elementor-element elementor-element-72a11be elementor-widget elementor-widget-heading\" data-id=\"72a11be\" data-element_type=\"widget\" data-widget_type=\"heading.default\">\n\t\t\t\t<div class=\"elementor-widget-container\">\n\t\t\t<h3 class=\"elementor-heading-title elementor-size-default\">We transport solid, liquid and semi-liquid cargoes in Argentina and neighboring countries, guaranteeing safety and speed. <\/h3>\t\t<\/div>\n\t\t\t\t<\/div>\n\t\t\t\t<div class=\"elementor-element elementor-element-f4b794d elementor-widget elementor-widget-heading\" data-id=\"f4b794d\" data-element_type=\"widget\" data-widget_type=\"heading.default\">\n\t\t\t\t<div class=\"elementor-widget-container\">\n\t\t\t<h2 class=\"elementor-heading-title elementor-size-default\">Quote your shipment with us<\/h2>\t\t<\/div>\n\t\t\t\t<\/div>\n\t\t\t\t\t<\/div>\n\t\t<\/div>\n\t\t\t\t\t<\/div>\n\t\t<\/section>\n\t\t\t\t<section class=\"elementor-section elementor-inner-section elementor-element elementor-element-ffb898c elementor-section-boxed elementor-section-height-default elementor-section-height-default\" data-id=\"ffb898c\" data-element_type=\"section\">\n\t\t\t\t\t\t<div class=\"elementor-container elementor-column-gap-default\">\n\t\t\t\t\t<div class=\"elementor-column elementor-col-100 elementor-inner-column elementor-element elementor-element-114028b\" data-id=\"114028b\" data-element_type=\"column\">\n\t\t\t<div class=\"elementor-widget-wrap elementor-element-populated\">\n\t\t\t\t\t\t<div class=\"elementor-element elementor-element-865b217 elementor-widget elementor-widget-image\" data-id=\"865b217\" data-element_type=\"widget\" data-widget_type=\"image.default\">\n\t\t\t\t<div class=\"elementor-widget-container\">\n\t\t\t\t\t\t\t\t\t\t\t\t\t<img decoding=\"async\" width=\"1024\" height=\"633\" src=\"https:\/\/cartergroup.com.ar\/wp-content\/uploads\/2023\/09\/MAPA-1024x633.png\" class=\"attachment-large size-large wp-image-1165\" alt=\"\" srcset=\"https:\/\/cartergroup.com.ar\/wp-content\/uploads\/2023\/09\/MAPA-1024x633.png 1024w, https:\/\/cartergroup.com.ar\/wp-content\/uploads\/2023\/09\/MAPA-300x186.png 300w, https:\/\/cartergroup.com.ar\/wp-content\/uploads\/2023\/09\/MAPA-768x475.png 768w, https:\/\/cartergroup.com.ar\/wp-content\/uploads\/2023\/09\/MAPA.png 1200w\" sizes=\"(max-width: 1024px) 100vw, 1024px\" \/>\t\t\t\t\t\t\t\t\t\t\t\t\t<\/div>\n\t\t\t\t<\/div>\n\t\t\t\t<div class=\"elementor-element elementor-element-998401b elementor-widget elementor-widget-heading\" data-id=\"998401b\" data-element_type=\"widget\" data-widget_type=\"heading.default\">\n\t\t\t\t<div class=\"elementor-widget-container\">\n\t\t\t<h3 class=\"elementor-heading-title elementor-size-default\">WE ALSO SHIP TO ALL OF ARGENTINA, BOLIVIA, BRAZIL, CHILE, PARAGUAY AND URUGUAY.<\/h3>\t\t<\/div>\n\t\t\t\t<\/div>\n\t\t\t\t\t<\/div>\n\t\t<\/div>\n\t\t\t\t\t<\/div>\n\t\t<\/section>\n\t\t\t\t\t<\/div>\n\t\t<\/div>\n\t\t\t\t\t<\/div>\n\t\t<\/section>\n\t\t\t\t<section class=\"elementor-section elementor-top-section elementor-element elementor-element-326e777 elementor-section-boxed elementor-section-height-default elementor-section-height-default\" data-id=\"326e777\" data-element_type=\"section\">\n\t\t\t\t\t\t<div class=\"elementor-container elementor-column-gap-default\">\n\t\t\t\t\t<div class=\"elementor-column elementor-col-100 elementor-top-column elementor-element elementor-element-172e00f\" data-id=\"172e00f\" data-element_type=\"column\" data-settings=\"{&quot;background_background&quot;:&quot;classic&quot;}\">\n\t\t\t<div class=\"elementor-widget-wrap elementor-element-populated\">\n\t\t\t\t\t\t<div class=\"elementor-element elementor-element-bfa7944 elementor-widget elementor-widget-heading\" data-id=\"bfa7944\" data-element_type=\"widget\" data-widget_type=\"heading.default\">\n\t\t\t\t<div class=\"elementor-widget-container\">\n\t\t\t<h2 class=\"elementor-heading-title elementor-size-default\">Regarding international trips, we have a fleet of 15 units for the transportation of liquids and semi-liquids and 25 for the transportation of solids, with their corresponding authorizations, documentation and satellite tracking to provide better traceability, thus guaranteeing the safety and tranquility of our clients.\nWe are located at Calle San Mart\u00edn 839 2\u00b0E, San Miguel de Tucum\u00e1n-Argentina<\/h2>\t\t<\/div>\n\t\t\t\t<\/div>\n\t\t\t\t\t<\/div>\n\t\t<\/div>\n\t\t\t\t\t<\/div>\n\t\t<\/section>\n\t\t\t\t<section class=\"elementor-section elementor-top-section elementor-element elementor-element-4e4c10f elementor-section-full_width elementor-section-height-default elementor-section-height-default\" data-id=\"4e4c10f\" data-element_type=\"section\" data-settings=\"{&quot;background_background&quot;:&quot;classic&quot;}\">\n\t\t\t\t\t\t<div class=\"elementor-container elementor-column-gap-no\">\n\t\t\t\t\t<div class=\"elementor-column elementor-col-100 elementor-top-column elementor-element elementor-element-c3c7fdc\" data-id=\"c3c7fdc\" data-element_type=\"column\">\n\t\t\t<div class=\"elementor-widget-wrap elementor-element-populated\">\n\t\t\t\t\t\t<div class=\"elementor-element elementor-element-253c290 elementor-widget elementor-widget-heading\" data-id=\"253c290\" data-element_type=\"widget\" data-widget_type=\"heading.default\">\n\t\t\t\t<div class=\"elementor-widget-container\">\n\t\t\t<h2 class=\"elementor-heading-title elementor-size-default\">Our advantages<\/h2>\t\t<\/div>\n\t\t\t\t<\/div>\n\t\t\t\t<section class=\"elementor-section elementor-inner-section elementor-element elementor-element-34a414d elementor-section-full_width elementor-section-height-default elementor-section-height-default\" data-id=\"34a414d\" data-element_type=\"section\">\n\t\t\t\t\t\t<div class=\"elementor-container elementor-column-gap-wider\">\n\t\t\t\t\t<div class=\"elementor-column elementor-col-25 elementor-inner-column elementor-element elementor-element-6b93fd2\" data-id=\"6b93fd2\" data-element_type=\"column\">\n\t\t\t<div class=\"elementor-widget-wrap elementor-element-populated\">\n\t\t\t\t\t\t<div class=\"elementor-element elementor-element-cb9fcf2 elementor-view-stacked elementor-shape-circle elementor-position-top elementor-mobile-position-top elementor-widget elementor-widget-icon-box\" data-id=\"cb9fcf2\" data-element_type=\"widget\" data-widget_type=\"icon-box.default\">\n\t\t\t\t<div class=\"elementor-widget-container\">\n\t\t\t\t\t<div class=\"elementor-icon-box-wrapper\">\n\n\t\t\t\t\t\t<div class=\"elementor-icon-box-icon\">\n\t\t\t\t<span  class=\"elementor-icon elementor-animation-grow\">\n\t\t\t\t<i aria-hidden=\"true\" class=\"fas fa-user-check\"><\/i>\t\t\t\t<\/span>\n\t\t\t<\/div>\n\t\t\t\n\t\t\t\t\t\t<div class=\"elementor-icon-box-content\">\n\n\t\t\t\t\n\t\t\t\t\t\t\t\t\t<p class=\"elementor-icon-box-description\">\n\t\t\t\t\t\tWe generate solutions for each need and logistical requirement.\t\t\t\t\t<\/p>\n\t\t\t\t\n\t\t\t<\/div>\n\t\t\t\n\t\t<\/div>\n\t\t\t\t<\/div>\n\t\t\t\t<\/div>\n\t\t\t\t\t<\/div>\n\t\t<\/div>\n\t\t\t\t<div class=\"elementor-column elementor-col-25 elementor-inner-column elementor-element elementor-element-d59d72e\" data-id=\"d59d72e\" data-element_type=\"column\">\n\t\t\t<div class=\"elementor-widget-wrap elementor-element-populated\">\n\t\t\t\t\t\t<div class=\"elementor-element elementor-element-4715b8b elementor-view-stacked elementor-shape-circle elementor-position-top elementor-mobile-position-top elementor-widget elementor-widget-icon-box\" data-id=\"4715b8b\" data-element_type=\"widget\" data-widget_type=\"icon-box.default\">\n\t\t\t\t<div class=\"elementor-widget-container\">\n\t\t\t\t\t<div class=\"elementor-icon-box-wrapper\">\n\n\t\t\t\t\t\t<div class=\"elementor-icon-box-icon\">\n\t\t\t\t<span  class=\"elementor-icon elementor-animation-grow\">\n\t\t\t\t<i aria-hidden=\"true\" class=\"fas fa-hourglass-end\"><\/i>\t\t\t\t<\/span>\n\t\t\t<\/div>\n\t\t\t\n\t\t\t\t\t\t<div class=\"elementor-icon-box-content\">\n\n\t\t\t\t\n\t\t\t\t\t\t\t\t\t<p class=\"elementor-icon-box-description\">\n\t\t\t\t\t\tWe meet the agreed times in loading and delivering the products.\t\t\t\t\t<\/p>\n\t\t\t\t\n\t\t\t<\/div>\n\t\t\t\n\t\t<\/div>\n\t\t\t\t<\/div>\n\t\t\t\t<\/div>\n\t\t\t\t\t<\/div>\n\t\t<\/div>\n\t\t\t\t<div class=\"elementor-column elementor-col-25 elementor-inner-column elementor-element elementor-element-45d5eda\" data-id=\"45d5eda\" data-element_type=\"column\">\n\t\t\t<div class=\"elementor-widget-wrap elementor-element-populated\">\n\t\t\t\t\t\t<div class=\"elementor-element elementor-element-2496964 elementor-view-stacked elementor-shape-circle elementor-position-top elementor-mobile-position-top elementor-widget elementor-widget-icon-box\" data-id=\"2496964\" data-element_type=\"widget\" data-widget_type=\"icon-box.default\">\n\t\t\t\t<div class=\"elementor-widget-container\">\n\t\t\t\t\t<div class=\"elementor-icon-box-wrapper\">\n\n\t\t\t\t\t\t<div class=\"elementor-icon-box-icon\">\n\t\t\t\t<span  class=\"elementor-icon elementor-animation-grow\">\n\t\t\t\t<i aria-hidden=\"true\" class=\"fas fa-lock\"><\/i>\t\t\t\t<\/span>\n\t\t\t<\/div>\n\t\t\t\n\t\t\t\t\t\t<div class=\"elementor-icon-box-content\">\n\n\t\t\t\t\n\t\t\t\t\t\t\t\t\t<p class=\"elementor-icon-box-description\">\n\t\t\t\t\t\tWe guarantee the traceability and security of transportation and its cargo.\t\t\t\t\t<\/p>\n\t\t\t\t\n\t\t\t<\/div>\n\t\t\t\n\t\t<\/div>\n\t\t\t\t<\/div>\n\t\t\t\t<\/div>\n\t\t\t\t\t<\/div>\n\t\t<\/div>\n\t\t\t\t<div class=\"elementor-column elementor-col-25 elementor-inner-column elementor-element elementor-element-b38327a\" data-id=\"b38327a\" data-element_type=\"column\">\n\t\t\t<div class=\"elementor-widget-wrap elementor-element-populated\">\n\t\t\t\t\t\t<div class=\"elementor-element elementor-element-4bfb23b elementor-view-stacked elementor-shape-circle elementor-position-top elementor-mobile-position-top elementor-widget elementor-widget-icon-box\" data-id=\"4bfb23b\" data-element_type=\"widget\" data-widget_type=\"icon-box.default\">\n\t\t\t\t<div class=\"elementor-widget-container\">\n\t\t\t\t\t<div class=\"elementor-icon-box-wrapper\">\n\n\t\t\t\t\t\t<div class=\"elementor-icon-box-icon\">\n\t\t\t\t<span  class=\"elementor-icon elementor-animation-grow\">\n\t\t\t\t<i aria-hidden=\"true\" class=\"far fa-comment-dots\"><\/i>\t\t\t\t<\/span>\n\t\t\t<\/div>\n\t\t\t\n\t\t\t\t\t\t<div class=\"elementor-icon-box-content\">\n\n\t\t\t\t\n\t\t\t\t\t\t\t\t\t<p class=\"elementor-icon-box-description\">\n\t\t\t\t\t\tWe maintain permanent and direct contact with our clients.\t\t\t\t\t<\/p>\n\t\t\t\t\n\t\t\t<\/div>\n\t\t\t\n\t\t<\/div>\n\t\t\t\t<\/div>\n\t\t\t\t<\/div>\n\t\t\t\t\t<\/div>\n\t\t<\/div>\n\t\t\t\t\t<\/div>\n\t\t<\/section>\n\t\t\t\t\t<\/div>\n\t\t<\/div>\n\t\t\t\t\t<\/div>\n\t\t<\/section>\n\t\t\t\t<\/div>","protected":false},"excerpt":{"rendered":"<p>Servicios Transportamos cargas s\u00f3lidas, l\u00edquidas y semil\u00edquidas en Argentina y pa\u00edses lim\u00edtrofes garantizando seguridad y rapidez. Cotiz\u00e1 tu env\u00edo con nosotros TAMBI\u00c9N ENVIAMOS A TODA LA ARGENTINA, BOLIVIA, BRASIL, CHILE, PARAGUAY Y URUGUAY. En cuanto a los viajes internacionales, contamos con una flota de 15 unidades para transporte de l\u00edquidos y semi liquidos y 25 &hellip;<\/p>\n<p class=\"read-more\"> <a class=\"\" href=\"https:\/\/cartergroup.com.ar\/en\/servicios\/\"> <span class=\"screen-reader-text\">Services<\/span> Read More &raquo;<\/a><\/p>","protected":false},"author":1,"featured_media":0,"parent":0,"menu_order":0,"comment_status":"closed","ping_status":"closed","template":"","meta":{"site-sidebar-layout":"no-sidebar","site-content-layout":"page-builder","ast-site-content-layout":"","site-content-style":"default","site-sidebar-style":"default","ast-global-header-display":"","ast-banner-title-visibility":"","ast-main-header-display":"","ast-hfb-above-header-display":"","ast-hfb-below-header-display":"","ast-hfb-mobile-header-display":"","site-post-title":"disabled","ast-breadcrumbs-content":"","ast-featured-img":"disabled","footer-sml-layout":"","theme-transparent-header-meta":"enabled","adv-header-id-meta":"","stick-header-meta":"","header-above-stick-meta":"","header-main-stick-meta":"","header-below-stick-meta":"","astra-migrate-meta-layouts":"","footnotes":""},"class_list":["post-835","page","type-page","status-publish","hentry"],"yoast_head":"<!-- This site is optimized with the Yoast SEO plugin v21.2 - https:\/\/yoast.com\/wordpress\/plugins\/seo\/ -->\n<title>Servicios - Carter<\/title>\n<meta name=\"robots\" content=\"index, follow, max-snippet:-1, max-image-preview:large, max-video-preview:-1\" \/>\n<link rel=\"canonical\" href=\"https:\/\/cartergroup.com.ar\/en\/servicios\/\" \/>\n<meta property=\"og:locale\" content=\"en_US\" \/>\n<meta property=\"og:type\" content=\"article\" \/>\n<meta property=\"og:title\" content=\"Servicios - Carter\" \/>\n<meta property=\"og:description\" content=\"Servicios Transportamos cargas s\u00f3lidas, l\u00edquidas y semil\u00edquidas en Argentina y pa\u00edses lim\u00edtrofes garantizando seguridad y rapidez. Cotiz\u00e1 tu env\u00edo con nosotros TAMBI\u00c9N ENVIAMOS A TODA LA ARGENTINA, BOLIVIA, BRASIL, CHILE, PARAGUAY Y URUGUAY. En cuanto a los viajes internacionales, contamos con una flota de 15 unidades para transporte de l\u00edquidos y semi liquidos y 25 &hellip; Servicios Read More &raquo;\" \/>\n<meta property=\"og:url\" content=\"https:\/\/cartergroup.com.ar\/en\/servicios\/\" \/>\n<meta property=\"og:site_name\" content=\"Carter\" \/>\n<meta property=\"article:modified_time\" content=\"2023-09-18T13:10:57+00:00\" \/>\n<meta property=\"og:image\" content=\"https:\/\/cartergroup.com.ar\/wp-content\/uploads\/2023\/09\/Logistica12-1024x289.png\" \/>\n<meta name=\"twitter:card\" content=\"summary_large_image\" \/>\n<meta name=\"twitter:label1\" content=\"Est. reading time\" \/>\n\t<meta name=\"twitter:data1\" content=\"2 minutes\" \/>\n<script type=\"application\/ld+json\" class=\"yoast-schema-graph\">{\"@context\":\"https:\/\/schema.org\",\"@graph\":[{\"@type\":\"WebPage\",\"@id\":\"https:\/\/cartergroup.com.ar\/servicios\/\",\"url\":\"https:\/\/cartergroup.com.ar\/servicios\/\",\"name\":\"Servicios - Carter\",\"isPartOf\":{\"@id\":\"https:\/\/cartergroup.com.ar\/#website\"},\"datePublished\":\"2022-10-04T00:02:35+00:00\",\"dateModified\":\"2023-09-18T13:10:57+00:00\",\"breadcrumb\":{\"@id\":\"https:\/\/cartergroup.com.ar\/servicios\/#breadcrumb\"},\"inLanguage\":\"en-US\",\"potentialAction\":[{\"@type\":\"ReadAction\",\"target\":[\"https:\/\/cartergroup.com.ar\/servicios\/\"]}]},{\"@type\":\"BreadcrumbList\",\"@id\":\"https:\/\/cartergroup.com.ar\/servicios\/#breadcrumb\",\"itemListElement\":[{\"@type\":\"ListItem\",\"position\":1,\"name\":\"Portada\",\"item\":\"https:\/\/cartergroup.com.ar\/\"},{\"@type\":\"ListItem\",\"position\":2,\"name\":\"Servicios\"}]},{\"@type\":\"WebSite\",\"@id\":\"https:\/\/cartergroup.com.ar\/#website\",\"url\":\"https:\/\/cartergroup.com.ar\/\",\"name\":\"Carter\",\"description\":\"Soluciones Log\u00edsticas\",\"publisher\":{\"@id\":\"https:\/\/cartergroup.com.ar\/#organization\"},\"potentialAction\":[{\"@type\":\"SearchAction\",\"target\":{\"@type\":\"EntryPoint\",\"urlTemplate\":\"https:\/\/cartergroup.com.ar\/?s={search_term_string}\"},\"query-input\":\"required name=search_term_string\"}],\"inLanguage\":\"en-US\"},{\"@type\":\"Organization\",\"@id\":\"https:\/\/cartergroup.com.ar\/#organization\",\"name\":\"Carter\",\"url\":\"https:\/\/cartergroup.com.ar\/\",\"logo\":{\"@type\":\"ImageObject\",\"inLanguage\":\"en-US\",\"@id\":\"https:\/\/cartergroup.com.ar\/#\/schema\/logo\/image\/\",\"url\":\"https:\/\/cartergroup.com.ar\/wp-content\/uploads\/2020\/10\/Logo-editable.png\",\"contentUrl\":\"https:\/\/cartergroup.com.ar\/wp-content\/uploads\/2020\/10\/Logo-editable.png\",\"width\":920,\"height\":310,\"caption\":\"Carter\"},\"image\":{\"@id\":\"https:\/\/cartergroup.com.ar\/#\/schema\/logo\/image\/\"}}]}<\/script>\n<!-- \/ Yoast SEO plugin. -->","yoast_head_json":{"title":"Servicios - Carter","robots":{"index":"index","follow":"follow","max-snippet":"max-snippet:-1","max-image-preview":"max-image-preview:large","max-video-preview":"max-video-preview:-1"},"canonical":"https:\/\/cartergroup.com.ar\/en\/servicios\/","og_locale":"en_US","og_type":"article","og_title":"Servicios - Carter","og_description":"Servicios Transportamos cargas s\u00f3lidas, l\u00edquidas y semil\u00edquidas en Argentina y pa\u00edses lim\u00edtrofes garantizando seguridad y rapidez. Cotiz\u00e1 tu env\u00edo con nosotros TAMBI\u00c9N ENVIAMOS A TODA LA ARGENTINA, BOLIVIA, BRASIL, CHILE, PARAGUAY Y URUGUAY. En cuanto a los viajes internacionales, contamos con una flota de 15 unidades para transporte de l\u00edquidos y semi liquidos y 25 &hellip; Servicios Read More &raquo;","og_url":"https:\/\/cartergroup.com.ar\/en\/servicios\/","og_site_name":"Carter","article_modified_time":"2023-09-18T13:10:57+00:00","og_image":[{"url":"https:\/\/cartergroup.com.ar\/wp-content\/uploads\/2023\/09\/Logistica12-1024x289.png"}],"twitter_card":"summary_large_image","twitter_misc":{"Est. reading time":"2 minutes"},"schema":{"@context":"https:\/\/schema.org","@graph":[{"@type":"WebPage","@id":"https:\/\/cartergroup.com.ar\/servicios\/","url":"https:\/\/cartergroup.com.ar\/servicios\/","name":"Servicios - Carter","isPartOf":{"@id":"https:\/\/cartergroup.com.ar\/#website"},"datePublished":"2022-10-04T00:02:35+00:00","dateModified":"2023-09-18T13:10:57+00:00","breadcrumb":{"@id":"https:\/\/cartergroup.com.ar\/servicios\/#breadcrumb"},"inLanguage":"en-US","potentialAction":[{"@type":"ReadAction","target":["https:\/\/cartergroup.com.ar\/servicios\/"]}]},{"@type":"BreadcrumbList","@id":"https:\/\/cartergroup.com.ar\/servicios\/#breadcrumb","itemListElement":[{"@type":"ListItem","position":1,"name":"Portada","item":"https:\/\/cartergroup.com.ar\/"},{"@type":"ListItem","position":2,"name":"Servicios"}]},{"@type":"WebSite","@id":"https:\/\/cartergroup.com.ar\/#website","url":"https:\/\/cartergroup.com.ar\/","name":"Carter","description":"Soluciones Log\u00edsticas","publisher":{"@id":"https:\/\/cartergroup.com.ar\/#organization"},"potentialAction":[{"@type":"SearchAction","target":{"@type":"EntryPoint","urlTemplate":"https:\/\/cartergroup.com.ar\/?s={search_term_string}"},"query-input":"required name=search_term_string"}],"inLanguage":"en-US"},{"@type":"Organization","@id":"https:\/\/cartergroup.com.ar\/#organization","name":"Carter","url":"https:\/\/cartergroup.com.ar\/","logo":{"@type":"ImageObject","inLanguage":"en-US","@id":"https:\/\/cartergroup.com.ar\/#\/schema\/logo\/image\/","url":"https:\/\/cartergroup.com.ar\/wp-content\/uploads\/2020\/10\/Logo-editable.png","contentUrl":"https:\/\/cartergroup.com.ar\/wp-content\/uploads\/2020\/10\/Logo-editable.png","width":920,"height":310,"caption":"Carter"},"image":{"@id":"https:\/\/cartergroup.com.ar\/#\/schema\/logo\/image\/"}}]}},"_links":{"self":[{"href":"https:\/\/cartergroup.com.ar\/en\/wp-json\/wp\/v2\/pages\/835","targetHints":{"allow":["GET"]}}],"collection":[{"href":"https:\/\/cartergroup.com.ar\/en\/wp-json\/wp\/v2\/pages"}],"about":[{"href":"https:\/\/cartergroup.com.ar\/en\/wp-json\/wp\/v2\/types\/page"}],"author":[{"embeddable":true,"href":"https:\/\/cartergroup.com.ar\/en\/wp-json\/wp\/v2\/users\/1"}],"replies":[{"embeddable":true,"href":"https:\/\/cartergroup.com.ar\/en\/wp-json\/wp\/v2\/comments?post=835"}],"version-history":[{"count":49,"href":"https:\/\/cartergroup.com.ar\/en\/wp-json\/wp\/v2\/pages\/835\/revisions"}],"predecessor-version":[{"id":1630,"href":"https:\/\/cartergroup.com.ar\/en\/wp-json\/wp\/v2\/pages\/835\/revisions\/1630"}],"wp:attachment":[{"href":"https:\/\/cartergroup.com.ar\/en\/wp-json\/wp\/v2\/media?parent=835"}],"curies":[{"name":"wp","href":"https:\/\/api.w.org\/{rel}","templated":true}]}}