{"id":506,"date":"2020-10-09T02:41:05","date_gmt":"2020-10-09T02:41:05","guid":{"rendered":"https:\/\/cartergroup.com.ar\/home\/"},"modified":"2023-10-02T01:38:43","modified_gmt":"2023-10-02T01:38:43","slug":"productos","status":"publish","type":"page","link":"https:\/\/cartergroup.com.ar\/en\/productos\/","title":{"rendered":"Products"},"content":{"rendered":"<div data-elementor-type=\"wp-page\" data-elementor-id=\"506\" class=\"elementor elementor-506\">\n\t\t\t\t\t\t<section class=\"elementor-section elementor-top-section elementor-element elementor-element-4ad730d elementor-section-full_width elementor-section-height-min-height elementor-section-height-default elementor-section-items-middle\" data-id=\"4ad730d\" data-element_type=\"section\" data-settings=\"{&quot;background_background&quot;:&quot;classic&quot;}\">\n\t\t\t\t\t\t\t<div class=\"elementor-background-overlay\"><\/div>\n\t\t\t\t\t\t\t<div class=\"elementor-container elementor-column-gap-default\">\n\t\t\t\t\t<div class=\"elementor-column elementor-col-100 elementor-top-column elementor-element elementor-element-913ad19\" data-id=\"913ad19\" data-element_type=\"column\">\n\t\t\t<div class=\"elementor-widget-wrap elementor-element-populated\">\n\t\t\t\t\t\t<div class=\"elementor-element elementor-element-0b90de7 elementor-widget elementor-widget-heading\" data-id=\"0b90de7\" data-element_type=\"widget\" data-widget_type=\"heading.default\">\n\t\t\t\t<div class=\"elementor-widget-container\">\n\t\t\t<h1 class=\"elementor-heading-title elementor-size-default\">Products<\/h1>\t\t<\/div>\n\t\t\t\t<\/div>\n\t\t\t\t\t<\/div>\n\t\t<\/div>\n\t\t\t\t\t<\/div>\n\t\t<\/section>\n\t\t\t\t<section class=\"elementor-section elementor-top-section elementor-element elementor-element-11111b0 elementor-section-full_width elementor-section-height-default elementor-section-height-default\" data-id=\"11111b0\" data-element_type=\"section\" data-settings=\"{&quot;background_background&quot;:&quot;classic&quot;}\">\n\t\t\t\t\t\t<div class=\"elementor-container elementor-column-gap-no\">\n\t\t\t\t\t<div class=\"elementor-column elementor-col-100 elementor-top-column elementor-element elementor-element-0a8c614\" data-id=\"0a8c614\" data-element_type=\"column\">\n\t\t\t<div class=\"elementor-widget-wrap elementor-element-populated\">\n\t\t\t\t\t\t<section class=\"elementor-section elementor-inner-section elementor-element elementor-element-ac03c36 elementor-section-full_width elementor-reverse-tablet elementor-reverse-mobile elementor-section-height-default elementor-section-height-default\" data-id=\"ac03c36\" data-element_type=\"section\">\n\t\t\t\t\t\t<div class=\"elementor-container elementor-column-gap-no\">\n\t\t\t\t\t<div class=\"elementor-column elementor-col-50 elementor-inner-column elementor-element elementor-element-6ae7eb9\" data-id=\"6ae7eb9\" data-element_type=\"column\">\n\t\t\t<div class=\"elementor-widget-wrap elementor-element-populated\">\n\t\t\t\t\t\t<div class=\"elementor-element elementor-element-4343ff0 elementor-widget elementor-widget-image\" data-id=\"4343ff0\" data-element_type=\"widget\" data-widget_type=\"image.default\">\n\t\t\t\t<div class=\"elementor-widget-container\">\n\t\t\t\t\t\t\t\t\t\t\t\t\t<img fetchpriority=\"high\" decoding=\"async\" width=\"640\" height=\"1280\" src=\"https:\/\/cartergroup.com.ar\/wp-content\/uploads\/2023\/09\/116692777_576240003056593_3927053293912482925_n-e1695226693738.jpeg\" class=\"attachment-full size-full wp-image-1650\" alt=\"\" srcset=\"https:\/\/cartergroup.com.ar\/wp-content\/uploads\/2023\/09\/116692777_576240003056593_3927053293912482925_n-e1695226693738.jpeg 640w, https:\/\/cartergroup.com.ar\/wp-content\/uploads\/2023\/09\/116692777_576240003056593_3927053293912482925_n-e1695226693738-150x300.jpeg 150w, https:\/\/cartergroup.com.ar\/wp-content\/uploads\/2023\/09\/116692777_576240003056593_3927053293912482925_n-e1695226693738-512x1024.jpeg 512w, https:\/\/cartergroup.com.ar\/wp-content\/uploads\/2023\/09\/116692777_576240003056593_3927053293912482925_n-e1695226693738-6x12.jpeg 6w\" sizes=\"(max-width: 640px) 100vw, 640px\" \/>\t\t\t\t\t\t\t\t\t\t\t\t\t<\/div>\n\t\t\t\t<\/div>\n\t\t\t\t\t<\/div>\n\t\t<\/div>\n\t\t\t\t<div class=\"elementor-column elementor-col-50 elementor-inner-column elementor-element elementor-element-fbea45a\" data-id=\"fbea45a\" data-element_type=\"column\">\n\t\t\t<div class=\"elementor-widget-wrap elementor-element-populated\">\n\t\t\t\t\t\t<div class=\"elementor-element elementor-element-2d908e6 elementor-widget elementor-widget-image\" data-id=\"2d908e6\" data-element_type=\"widget\" data-widget_type=\"image.default\">\n\t\t\t\t<div class=\"elementor-widget-container\">\n\t\t\t\t\t\t\t\t\t\t\t\t\t<img decoding=\"async\" width=\"1024\" height=\"407\" src=\"https:\/\/cartergroup.com.ar\/wp-content\/uploads\/2023\/09\/GlobalTraders02-1024x407.png\" class=\"attachment-large size-large wp-image-1132\" alt=\"\" srcset=\"https:\/\/cartergroup.com.ar\/wp-content\/uploads\/2023\/09\/GlobalTraders02-1024x407.png 1024w, https:\/\/cartergroup.com.ar\/wp-content\/uploads\/2023\/09\/GlobalTraders02-300x119.png 300w, https:\/\/cartergroup.com.ar\/wp-content\/uploads\/2023\/09\/GlobalTraders02-768x305.png 768w, https:\/\/cartergroup.com.ar\/wp-content\/uploads\/2023\/09\/GlobalTraders02.png 1534w\" sizes=\"(max-width: 1024px) 100vw, 1024px\" \/>\t\t\t\t\t\t\t\t\t\t\t\t\t<\/div>\n\t\t\t\t<\/div>\n\t\t\t\t<div class=\"elementor-element elementor-element-1b85f2f elementor-widget elementor-widget-text-editor\" data-id=\"1b85f2f\" data-element_type=\"widget\" data-widget_type=\"text-editor.default\">\n\t\t\t\t<div class=\"elementor-widget-container\">\n\t\t\t\t\t\t\t<p><span id=\"docs-internal-guid-ac7a6854-7fff-a2b4-78c3-58cbd1b324a1\"><span style=\"font-size: 11pt; font-family: Montserrat, sans-serif; background-color: transparent; font-variant-numeric: normal; font-variant-east-asian: normal; font-variant-alternates: normal; vertical-align: baseline; white-space-collapse: preserve;\">Global Traders, specializes in import and export operations. Our initial focus will be on exporting high-quality products, including citrus fruits such as fresh lemons, lemon juice and lemon peel, as well as legumes such as green mung beans, black beans and alubia beans. In addition, we are ready to export quality liquid fuels, such as virgin gasoline and diesel. These are the products that our new company will bring to the market.<\/span><\/span><br><\/p>\t\t\t\t\t\t<\/div>\n\t\t\t\t<\/div>\n\t\t\t\t\t<\/div>\n\t\t<\/div>\n\t\t\t\t\t<\/div>\n\t\t<\/section>\n\t\t\t\t\t<\/div>\n\t\t<\/div>\n\t\t\t\t\t<\/div>\n\t\t<\/section>\n\t\t\t\t<section class=\"elementor-section elementor-top-section elementor-element elementor-element-bd9bf74 elementor-section-full_width elementor-section-height-default elementor-section-height-default\" data-id=\"bd9bf74\" data-element_type=\"section\" data-settings=\"{&quot;background_background&quot;:&quot;classic&quot;}\">\n\t\t\t\t\t\t<div class=\"elementor-container elementor-column-gap-no\">\n\t\t\t\t\t<div class=\"elementor-column elementor-col-100 elementor-top-column elementor-element elementor-element-94151f7\" data-id=\"94151f7\" data-element_type=\"column\">\n\t\t\t<div class=\"elementor-widget-wrap elementor-element-populated\">\n\t\t\t\t\t\t<div class=\"elementor-element elementor-element-f26949b elementor-widget elementor-widget-heading\" data-id=\"f26949b\" data-element_type=\"widget\" data-widget_type=\"heading.default\">\n\t\t\t\t<div class=\"elementor-widget-container\">\n\t\t\t<h2 class=\"elementor-heading-title elementor-size-default\">Who trusts us<\/h2>\t\t<\/div>\n\t\t\t\t<\/div>\n\t\t\t\t<div class=\"elementor-element elementor-element-2085a27 elementor-widget elementor-widget-image-carousel\" data-id=\"2085a27\" data-element_type=\"widget\" data-settings=\"{&quot;slides_to_show&quot;:&quot;5&quot;,&quot;slides_to_show_tablet&quot;:&quot;3&quot;,&quot;slides_to_show_mobile&quot;:&quot;2&quot;,&quot;slides_to_scroll&quot;:&quot;1&quot;,&quot;navigation&quot;:&quot;none&quot;,&quot;pause_on_hover&quot;:&quot;no&quot;,&quot;pause_on_interaction&quot;:&quot;no&quot;,&quot;autoplay_speed&quot;:4000,&quot;image_spacing_custom&quot;:{&quot;unit&quot;:&quot;px&quot;,&quot;size&quot;:50,&quot;sizes&quot;:[]},&quot;autoplay&quot;:&quot;yes&quot;,&quot;infinite&quot;:&quot;yes&quot;,&quot;speed&quot;:500,&quot;image_spacing_custom_tablet&quot;:{&quot;unit&quot;:&quot;px&quot;,&quot;size&quot;:&quot;&quot;,&quot;sizes&quot;:[]},&quot;image_spacing_custom_mobile&quot;:{&quot;unit&quot;:&quot;px&quot;,&quot;size&quot;:&quot;&quot;,&quot;sizes&quot;:[]}}\" data-widget_type=\"image-carousel.default\">\n\t\t\t\t<div class=\"elementor-widget-container\">\n\t\t\t\t\t<div class=\"elementor-image-carousel-wrapper swiper\" dir=\"ltr\">\n\t\t\t<div class=\"elementor-image-carousel swiper-wrapper swiper-image-stretch\" aria-live=\"off\">\n\t\t\t\t\t\t\t\t<div class=\"swiper-slide\" role=\"group\" aria-roledescription=\"slide\" aria-label=\"1 of 21\"><figure class=\"swiper-slide-inner\"><img decoding=\"async\" class=\"swiper-slide-image\" src=\"https:\/\/cartergroup.com.ar\/wp-content\/uploads\/2022\/10\/14793_logo.jpg\" alt=\"14793_logo\" \/><\/figure><\/div><div class=\"swiper-slide\" role=\"group\" aria-roledescription=\"slide\" aria-label=\"2 of 21\"><figure class=\"swiper-slide-inner\"><img decoding=\"async\" class=\"swiper-slide-image\" src=\"https:\/\/cartergroup.com.ar\/wp-content\/uploads\/2022\/10\/77667.png\" alt=\"77667\" \/><\/figure><\/div><div class=\"swiper-slide\" role=\"group\" aria-roledescription=\"slide\" aria-label=\"3 of 21\"><figure class=\"swiper-slide-inner\"><img decoding=\"async\" class=\"swiper-slide-image\" src=\"https:\/\/cartergroup.com.ar\/wp-content\/uploads\/2022\/10\/cropped-logo.png\" alt=\"cropped-logo\" \/><\/figure><\/div><div class=\"swiper-slide\" role=\"group\" aria-roledescription=\"slide\" aria-label=\"4 of 21\"><figure class=\"swiper-slide-inner\"><img decoding=\"async\" class=\"swiper-slide-image\" src=\"https:\/\/cartergroup.com.ar\/wp-content\/uploads\/2022\/10\/descarga.png\" alt=\"descarga\" \/><\/figure><\/div><div class=\"swiper-slide\" role=\"group\" aria-roledescription=\"slide\" aria-label=\"5 of 21\"><figure class=\"swiper-slide-inner\"><img decoding=\"async\" class=\"swiper-slide-image\" src=\"https:\/\/cartergroup.com.ar\/wp-content\/uploads\/2022\/10\/grupo-msa-1024x137.png\" alt=\"grupo-msa\" \/><\/figure><\/div><div class=\"swiper-slide\" role=\"group\" aria-roledescription=\"slide\" aria-label=\"6 of 21\"><figure class=\"swiper-slide-inner\"><img decoding=\"async\" class=\"swiper-slide-image\" src=\"https:\/\/cartergroup.com.ar\/wp-content\/uploads\/2022\/10\/IMG_3697.295f26a7f555bb2019a3-1024x283.png\" alt=\"IMG_3697.295f26a7f555bb2019a3\" \/><\/figure><\/div><div class=\"swiper-slide\" role=\"group\" aria-roledescription=\"slide\" aria-label=\"7 of 21\"><figure class=\"swiper-slide-inner\"><img decoding=\"async\" class=\"swiper-slide-image\" src=\"https:\/\/cartergroup.com.ar\/wp-content\/uploads\/2022\/10\/logo.jpg\" alt=\"logo\" \/><\/figure><\/div><div class=\"swiper-slide\" role=\"group\" aria-roledescription=\"slide\" aria-label=\"8 of 21\"><figure class=\"swiper-slide-inner\"><img decoding=\"async\" class=\"swiper-slide-image\" src=\"https:\/\/cartergroup.com.ar\/wp-content\/uploads\/2022\/10\/logo.png\" alt=\"logo\" \/><\/figure><\/div><div class=\"swiper-slide\" role=\"group\" aria-roledescription=\"slide\" aria-label=\"9 of 21\"><figure class=\"swiper-slide-inner\"><img decoding=\"async\" class=\"swiper-slide-image\" src=\"https:\/\/cartergroup.com.ar\/wp-content\/uploads\/2022\/10\/logo_fuelpar_1616002587788.png\" alt=\"logo_fuelpar_1616002587788\" \/><\/figure><\/div><div class=\"swiper-slide\" role=\"group\" aria-roledescription=\"slide\" aria-label=\"10 of 21\"><figure class=\"swiper-slide-inner\"><img decoding=\"async\" class=\"swiper-slide-image\" src=\"https:\/\/cartergroup.com.ar\/wp-content\/uploads\/2022\/10\/logo-horizontal-blanco-1.png\" alt=\"logo-horizontal-blanco-1\" \/><\/figure><\/div><div class=\"swiper-slide\" role=\"group\" aria-roledescription=\"slide\" aria-label=\"11 of 21\"><figure class=\"swiper-slide-inner\"><img decoding=\"async\" class=\"swiper-slide-image\" src=\"https:\/\/cartergroup.com.ar\/wp-content\/uploads\/2022\/10\/logo-web.jpg\" alt=\"logo-web\" \/><\/figure><\/div><div class=\"swiper-slide\" role=\"group\" aria-roledescription=\"slide\" aria-label=\"12 of 21\"><figure class=\"swiper-slide-inner\"><img decoding=\"async\" class=\"swiper-slide-image\" src=\"https:\/\/cartergroup.com.ar\/wp-content\/uploads\/2022\/10\/logo-web-3.jpg\" alt=\"logo-web-3\" \/><\/figure><\/div><div class=\"swiper-slide\" role=\"group\" aria-roledescription=\"slide\" aria-label=\"13 of 21\"><figure class=\"swiper-slide-inner\"><img decoding=\"async\" class=\"swiper-slide-image\" src=\"https:\/\/cartergroup.com.ar\/wp-content\/uploads\/2022\/10\/logo-web-4.jpg\" alt=\"logo-web-4\" \/><\/figure><\/div><div class=\"swiper-slide\" role=\"group\" aria-roledescription=\"slide\" aria-label=\"14 of 21\"><figure class=\"swiper-slide-inner\"><img decoding=\"async\" class=\"swiper-slide-image\" src=\"https:\/\/cartergroup.com.ar\/wp-content\/uploads\/2023\/10\/carter_Mesa-de-trabajo-1-1.png\" alt=\"carter_Mesa de trabajo 1\" \/><\/figure><\/div><div class=\"swiper-slide\" role=\"group\" aria-roledescription=\"slide\" aria-label=\"15 of 21\"><figure class=\"swiper-slide-inner\"><img decoding=\"async\" class=\"swiper-slide-image\" src=\"https:\/\/cartergroup.com.ar\/wp-content\/uploads\/2023\/10\/carter-07-1.png\" alt=\"carter-07\" \/><\/figure><\/div><div class=\"swiper-slide\" role=\"group\" aria-roledescription=\"slide\" aria-label=\"16 of 21\"><figure class=\"swiper-slide-inner\"><img decoding=\"async\" class=\"swiper-slide-image\" src=\"https:\/\/cartergroup.com.ar\/wp-content\/uploads\/2023\/10\/carter-06-1.png\" alt=\"carter-06\" \/><\/figure><\/div><div class=\"swiper-slide\" role=\"group\" aria-roledescription=\"slide\" aria-label=\"17 of 21\"><figure class=\"swiper-slide-inner\"><img decoding=\"async\" class=\"swiper-slide-image\" src=\"https:\/\/cartergroup.com.ar\/wp-content\/uploads\/2023\/10\/carter-05-1.png\" alt=\"carter-05\" \/><\/figure><\/div><div class=\"swiper-slide\" role=\"group\" aria-roledescription=\"slide\" aria-label=\"18 of 21\"><figure class=\"swiper-slide-inner\"><img decoding=\"async\" class=\"swiper-slide-image\" src=\"https:\/\/cartergroup.com.ar\/wp-content\/uploads\/2023\/10\/carter-04-1.png\" alt=\"carter-04\" \/><\/figure><\/div><div class=\"swiper-slide\" role=\"group\" aria-roledescription=\"slide\" aria-label=\"19 of 21\"><figure class=\"swiper-slide-inner\"><img decoding=\"async\" class=\"swiper-slide-image\" src=\"https:\/\/cartergroup.com.ar\/wp-content\/uploads\/2023\/10\/carter-03-1.png\" alt=\"carter-03\" \/><\/figure><\/div><div class=\"swiper-slide\" role=\"group\" aria-roledescription=\"slide\" aria-label=\"20 of 21\"><figure class=\"swiper-slide-inner\"><img decoding=\"async\" class=\"swiper-slide-image\" src=\"https:\/\/cartergroup.com.ar\/wp-content\/uploads\/2023\/10\/carter-02-1.png\" alt=\"carter-02\" \/><\/figure><\/div><div class=\"swiper-slide\" role=\"group\" aria-roledescription=\"slide\" aria-label=\"21 of 21\"><figure class=\"swiper-slide-inner\"><img decoding=\"async\" class=\"swiper-slide-image\" src=\"https:\/\/cartergroup.com.ar\/wp-content\/uploads\/2023\/10\/Sin-titulo-2.png\" alt=\"Sin ti\u0301tulo-2\" \/><\/figure><\/div>\t\t\t<\/div>\n\t\t\t\t\t\t\t\n\t\t\t\t\t\t\t\t\t<\/div>\n\t\t\t\t<\/div>\n\t\t\t\t<\/div>\n\t\t\t\t\t<\/div>\n\t\t<\/div>\n\t\t\t\t\t<\/div>\n\t\t<\/section>\n\t\t\t\t<\/div>","protected":false},"excerpt":{"rendered":"<p>Productos Global Traders, de especializa en operaciones de importaci\u00f3n y exportaci\u00f3n. Nuestro enfoque inicial se centrar\u00e1 en la exportaci\u00f3n de productos de alta calidad, entre los que se incluyen c\u00edtricos como limones frescos, jugo de lim\u00f3n y c\u00e1scara de lim\u00f3n, as\u00ed como legumbres como porotos negros, mung y alubias blancas. Adem\u00e1s, estamos listos para exportar &hellip;<\/p>\n<p class=\"read-more\"> <a class=\"\" href=\"https:\/\/cartergroup.com.ar\/en\/productos\/\"> <span class=\"screen-reader-text\">Products<\/span> Read More &raquo;<\/a><\/p>","protected":false},"author":1,"featured_media":0,"parent":0,"menu_order":0,"comment_status":"closed","ping_status":"closed","template":"","meta":{"site-sidebar-layout":"no-sidebar","site-content-layout":"page-builder","ast-site-content-layout":"","site-content-style":"default","site-sidebar-style":"default","ast-global-header-display":"","ast-banner-title-visibility":"","ast-main-header-display":"","ast-hfb-above-header-display":"","ast-hfb-below-header-display":"","ast-hfb-mobile-header-display":"","site-post-title":"disabled","ast-breadcrumbs-content":"","ast-featured-img":"disabled","footer-sml-layout":"","theme-transparent-header-meta":"enabled","adv-header-id-meta":"","stick-header-meta":"","header-above-stick-meta":"","header-main-stick-meta":"","header-below-stick-meta":"","astra-migrate-meta-layouts":"","footnotes":""},"class_list":["post-506","page","type-page","status-publish","hentry"],"yoast_head":"<!-- This site is optimized with the Yoast SEO plugin v21.2 - https:\/\/yoast.com\/wordpress\/plugins\/seo\/ -->\n<title>Productos - Carter<\/title>\n<meta name=\"robots\" content=\"index, follow, max-snippet:-1, max-image-preview:large, max-video-preview:-1\" \/>\n<link rel=\"canonical\" href=\"https:\/\/cartergroup.com.ar\/en\/productos\/\" \/>\n<meta property=\"og:locale\" content=\"en_US\" \/>\n<meta property=\"og:type\" content=\"article\" \/>\n<meta property=\"og:title\" content=\"Productos - Carter\" \/>\n<meta property=\"og:description\" content=\"Productos Global Traders, de especializa en operaciones de importaci\u00f3n y exportaci\u00f3n. Nuestro enfoque inicial se centrar\u00e1 en la exportaci\u00f3n de productos de alta calidad, entre los que se incluyen c\u00edtricos como limones frescos, jugo de lim\u00f3n y c\u00e1scara de lim\u00f3n, as\u00ed como legumbres como porotos negros, mung y alubias blancas. Adem\u00e1s, estamos listos para exportar &hellip; Productos Read More &raquo;\" \/>\n<meta property=\"og:url\" content=\"https:\/\/cartergroup.com.ar\/en\/productos\/\" \/>\n<meta property=\"og:site_name\" content=\"Carter\" \/>\n<meta property=\"article:modified_time\" content=\"2023-10-02T01:38:43+00:00\" \/>\n<meta property=\"og:image\" content=\"https:\/\/cartergroup.com.ar\/wp-content\/uploads\/2023\/09\/116692777_576240003056593_3927053293912482925_n-e1695226693738.jpeg\" \/>\n<meta name=\"twitter:card\" content=\"summary_large_image\" \/>\n<meta name=\"twitter:label1\" content=\"Est. reading time\" \/>\n\t<meta name=\"twitter:data1\" content=\"7 minutes\" \/>\n<script type=\"application\/ld+json\" class=\"yoast-schema-graph\">{\"@context\":\"https:\/\/schema.org\",\"@graph\":[{\"@type\":\"WebPage\",\"@id\":\"https:\/\/cartergroup.com.ar\/productos\/\",\"url\":\"https:\/\/cartergroup.com.ar\/productos\/\",\"name\":\"Productos - Carter\",\"isPartOf\":{\"@id\":\"https:\/\/cartergroup.com.ar\/#website\"},\"datePublished\":\"2020-10-09T02:41:05+00:00\",\"dateModified\":\"2023-10-02T01:38:43+00:00\",\"breadcrumb\":{\"@id\":\"https:\/\/cartergroup.com.ar\/productos\/#breadcrumb\"},\"inLanguage\":\"en-US\",\"potentialAction\":[{\"@type\":\"ReadAction\",\"target\":[\"https:\/\/cartergroup.com.ar\/productos\/\"]}]},{\"@type\":\"BreadcrumbList\",\"@id\":\"https:\/\/cartergroup.com.ar\/productos\/#breadcrumb\",\"itemListElement\":[{\"@type\":\"ListItem\",\"position\":1,\"name\":\"Portada\",\"item\":\"https:\/\/cartergroup.com.ar\/\"},{\"@type\":\"ListItem\",\"position\":2,\"name\":\"Productos\"}]},{\"@type\":\"WebSite\",\"@id\":\"https:\/\/cartergroup.com.ar\/#website\",\"url\":\"https:\/\/cartergroup.com.ar\/\",\"name\":\"Carter\",\"description\":\"Soluciones Log\u00edsticas\",\"publisher\":{\"@id\":\"https:\/\/cartergroup.com.ar\/#organization\"},\"potentialAction\":[{\"@type\":\"SearchAction\",\"target\":{\"@type\":\"EntryPoint\",\"urlTemplate\":\"https:\/\/cartergroup.com.ar\/?s={search_term_string}\"},\"query-input\":\"required name=search_term_string\"}],\"inLanguage\":\"en-US\"},{\"@type\":\"Organization\",\"@id\":\"https:\/\/cartergroup.com.ar\/#organization\",\"name\":\"Carter\",\"url\":\"https:\/\/cartergroup.com.ar\/\",\"logo\":{\"@type\":\"ImageObject\",\"inLanguage\":\"en-US\",\"@id\":\"https:\/\/cartergroup.com.ar\/#\/schema\/logo\/image\/\",\"url\":\"https:\/\/cartergroup.com.ar\/wp-content\/uploads\/2020\/10\/Logo-editable.png\",\"contentUrl\":\"https:\/\/cartergroup.com.ar\/wp-content\/uploads\/2020\/10\/Logo-editable.png\",\"width\":920,\"height\":310,\"caption\":\"Carter\"},\"image\":{\"@id\":\"https:\/\/cartergroup.com.ar\/#\/schema\/logo\/image\/\"}}]}<\/script>\n<!-- \/ Yoast SEO plugin. -->","yoast_head_json":{"title":"Productos - Carter","robots":{"index":"index","follow":"follow","max-snippet":"max-snippet:-1","max-image-preview":"max-image-preview:large","max-video-preview":"max-video-preview:-1"},"canonical":"https:\/\/cartergroup.com.ar\/en\/productos\/","og_locale":"en_US","og_type":"article","og_title":"Productos - Carter","og_description":"Productos Global Traders, de especializa en operaciones de importaci\u00f3n y exportaci\u00f3n. Nuestro enfoque inicial se centrar\u00e1 en la exportaci\u00f3n de productos de alta calidad, entre los que se incluyen c\u00edtricos como limones frescos, jugo de lim\u00f3n y c\u00e1scara de lim\u00f3n, as\u00ed como legumbres como porotos negros, mung y alubias blancas. Adem\u00e1s, estamos listos para exportar &hellip; Productos Read More &raquo;","og_url":"https:\/\/cartergroup.com.ar\/en\/productos\/","og_site_name":"Carter","article_modified_time":"2023-10-02T01:38:43+00:00","og_image":[{"url":"https:\/\/cartergroup.com.ar\/wp-content\/uploads\/2023\/09\/116692777_576240003056593_3927053293912482925_n-e1695226693738.jpeg"}],"twitter_card":"summary_large_image","twitter_misc":{"Est. reading time":"7 minutes"},"schema":{"@context":"https:\/\/schema.org","@graph":[{"@type":"WebPage","@id":"https:\/\/cartergroup.com.ar\/productos\/","url":"https:\/\/cartergroup.com.ar\/productos\/","name":"Productos - Carter","isPartOf":{"@id":"https:\/\/cartergroup.com.ar\/#website"},"datePublished":"2020-10-09T02:41:05+00:00","dateModified":"2023-10-02T01:38:43+00:00","breadcrumb":{"@id":"https:\/\/cartergroup.com.ar\/productos\/#breadcrumb"},"inLanguage":"en-US","potentialAction":[{"@type":"ReadAction","target":["https:\/\/cartergroup.com.ar\/productos\/"]}]},{"@type":"BreadcrumbList","@id":"https:\/\/cartergroup.com.ar\/productos\/#breadcrumb","itemListElement":[{"@type":"ListItem","position":1,"name":"Portada","item":"https:\/\/cartergroup.com.ar\/"},{"@type":"ListItem","position":2,"name":"Productos"}]},{"@type":"WebSite","@id":"https:\/\/cartergroup.com.ar\/#website","url":"https:\/\/cartergroup.com.ar\/","name":"Carter","description":"Soluciones Log\u00edsticas","publisher":{"@id":"https:\/\/cartergroup.com.ar\/#organization"},"potentialAction":[{"@type":"SearchAction","target":{"@type":"EntryPoint","urlTemplate":"https:\/\/cartergroup.com.ar\/?s={search_term_string}"},"query-input":"required name=search_term_string"}],"inLanguage":"en-US"},{"@type":"Organization","@id":"https:\/\/cartergroup.com.ar\/#organization","name":"Carter","url":"https:\/\/cartergroup.com.ar\/","logo":{"@type":"ImageObject","inLanguage":"en-US","@id":"https:\/\/cartergroup.com.ar\/#\/schema\/logo\/image\/","url":"https:\/\/cartergroup.com.ar\/wp-content\/uploads\/2020\/10\/Logo-editable.png","contentUrl":"https:\/\/cartergroup.com.ar\/wp-content\/uploads\/2020\/10\/Logo-editable.png","width":920,"height":310,"caption":"Carter"},"image":{"@id":"https:\/\/cartergroup.com.ar\/#\/schema\/logo\/image\/"}}]}},"_links":{"self":[{"href":"https:\/\/cartergroup.com.ar\/en\/wp-json\/wp\/v2\/pages\/506","targetHints":{"allow":["GET"]}}],"collection":[{"href":"https:\/\/cartergroup.com.ar\/en\/wp-json\/wp\/v2\/pages"}],"about":[{"href":"https:\/\/cartergroup.com.ar\/en\/wp-json\/wp\/v2\/types\/page"}],"author":[{"embeddable":true,"href":"https:\/\/cartergroup.com.ar\/en\/wp-json\/wp\/v2\/users\/1"}],"replies":[{"embeddable":true,"href":"https:\/\/cartergroup.com.ar\/en\/wp-json\/wp\/v2\/comments?post=506"}],"version-history":[{"count":155,"href":"https:\/\/cartergroup.com.ar\/en\/wp-json\/wp\/v2\/pages\/506\/revisions"}],"predecessor-version":[{"id":1688,"href":"https:\/\/cartergroup.com.ar\/en\/wp-json\/wp\/v2\/pages\/506\/revisions\/1688"}],"wp:attachment":[{"href":"https:\/\/cartergroup.com.ar\/en\/wp-json\/wp\/v2\/media?parent=506"}],"curies":[{"name":"wp","href":"https:\/\/api.w.org\/{rel}","templated":true}]}}